{"id":1322,"date":"2022-11-10T16:23:43","date_gmt":"2022-11-10T16:23:43","guid":{"rendered":"https:\/\/neuegartenstadtoejendorf.de\/?page_id=1322"},"modified":"2022-11-16T14:33:17","modified_gmt":"2022-11-16T14:33:17","slug":"freiraum","status":"publish","type":"page","link":"https:\/\/neuegartenstadtoejendorf.de\/?page_id=1322","title":{"rendered":"Freiraum"},"content":{"rendered":"\n<div class=\"wp-block-cover is-light\" style=\"min-height:811px;aspect-ratio:unset;\"><span aria-hidden=\"true\" class=\"wp-block-cover__background has-background-dim-20 has-background-dim\" style=\"background-color:#80bd9c\"><\/span><div class=\"wp-block-cover__inner-container is-layout-flow wp-block-cover-is-layout-flow\">\n<div class=\"wp-block-columns is-layout-flex wp-container-core-columns-is-layout-9d6595d7 wp-block-columns-is-layout-flex\">\n<div class=\"wp-block-column is-layout-flow wp-block-column-is-layout-flow\">\n<div class=\"wp-block-columns are-vertically-aligned-top is-layout-flex wp-container-core-columns-is-layout-9d6595d7 wp-block-columns-is-layout-flex\">\n<div class=\"wp-block-column is-vertically-aligned-top is-layout-flow wp-block-column-is-layout-flow\"><\/div>\n\n\n\n<div class=\"wp-block-column is-layout-flow wp-block-column-is-layout-flow\"><\/div>\n\n\n\n<div class=\"wp-block-column is-layout-flow wp-block-column-is-layout-flow\"><\/div>\n\n\n\n<div class=\"wp-block-column is-layout-flow wp-block-column-is-layout-flow\"><\/div>\n\n\n\n<div class=\"wp-block-column is-layout-flow wp-block-column-is-layout-flow\"><\/div>\n\n\n\n<div class=\"wp-block-column is-vertically-aligned-top is-layout-flow wp-block-column-is-layout-flow\" style=\"flex-basis:90%\">\n<h2 class=\"has-black-color has-text-color has-custom-font wp-block-heading\" id=\"information\" style=\"font-family:Helvetica\">FREIRAUM<\/h2>\n\n\n\n<h2 class=\"has-text-color wp-block-heading\" id=\"information\" style=\"color:#5c806b\"> <strong>Natur- und Erholungsr\u00e4ume<\/strong><\/h2>\n<\/div>\n<\/div>\n<\/div>\n\n\n\n<div class=\"wp-block-column is-layout-flow wp-block-column-is-layout-flow\" style=\"flex-basis:10%\">\n<div class=\"wp-block-columns is-layout-flex wp-container-core-columns-is-layout-9d6595d7 wp-block-columns-is-layout-flex\">\n<div class=\"wp-block-column is-layout-flow wp-block-column-is-layout-flow\" style=\"flex-basis:100%\"><\/div>\n\n\n\n<div class=\"wp-block-column is-layout-flow wp-block-column-is-layout-flow\"><\/div>\n<\/div>\n<\/div>\n<\/div>\n\n\n\n<div class=\"wp-block-buttons is-content-justification-center is-layout-flex wp-container-core-buttons-is-layout-16018d1d wp-block-buttons-is-layout-flex\">\n<div class=\"wp-block-button has-custom-font-size is-style-circular\" style=\"font-size:17px\"><a class=\"wp-block-button__link has-text-color has-background\" href=\"https:\/\/neuegartenstadtoejendorf.de\/?page_id=1264\" style=\"background-color:#3195d0;color:#1c2645\">PLANUNG<\/a><\/div>\n\n\n\n<div class=\"wp-block-button has-custom-font-size is-style-circular\" style=\"font-size:17px\"><a class=\"wp-block-button__link has-background\" href=\"https:\/\/neuegartenstadtoejendorf.de\/?page_id=1267\" style=\"background-color:#87598c\">LEITIDEE<\/a><\/div>\n\n\n\n<div class=\"wp-block-button has-custom-font-size is-style-circular\" style=\"font-size:17px\"><a class=\"wp-block-button__link has-background\" href=\"https:\/\/neuegartenstadtoejendorf.de\/?page_id=1269\" style=\"background-color:#c2dbb3\">QUARTIER<\/a><\/div>\n\n\n\n<div class=\"wp-block-button has-custom-font-size is-style-circular\" style=\"font-size:17px\"><a class=\"wp-block-button__link has-background\" href=\"https:\/\/neuegartenstadtoejendorf.de\/?page_id=1271\" style=\"background-color:#edbf59\">WOHNEN <\/a><\/div>\n\n\n\n<div class=\"wp-block-button has-custom-font-size is-style-circular\" style=\"font-size:17px\"><a class=\"wp-block-button__link has-background\" href=\"https:\/\/neuegartenstadtoejendorf.de\/?page_id=1322\" style=\"background-color:#80bd9c\">FREIRAUM<\/a><\/div>\n\n\n\n<div class=\"wp-block-button has-custom-font-size is-style-circular\" style=\"font-size:17px\"><a class=\"wp-block-button__link has-background\" href=\"https:\/\/neuegartenstadtoejendorf.de\/?page_id=1273\" style=\"background-color:#f26e2b\">\u00d6JENHOF <\/a><\/div>\n\n\n\n<div class=\"wp-block-button has-custom-font-size is-style-circular\" style=\"font-size:17px\"><a class=\"wp-block-button__link has-background\" href=\"https:\/\/neuegartenstadtoejendorf.de\/?page_id=1309\" style=\"background-color:#b8dbf0\">MOBILIT\u00c4T<\/a><\/div>\n\n\n\n<div class=\"wp-block-button has-custom-font-size is-style-circular\" style=\"font-size:17px\"><a class=\"wp-block-button__link has-background\" href=\"https:\/\/neuegartenstadtoejendorf.de\/?page_id=1297\" style=\"background-color:#1c2645\">ZAHLEN &amp; FAKTEN<\/a><\/div>\n<\/div>\n\n\n\n<div style=\"height:55px\" aria-hidden=\"true\" class=\"wp-block-spacer\"><\/div>\n\n\n\n<div class=\"wp-block-columns is-layout-flex wp-container-core-columns-is-layout-9d6595d7 wp-block-columns-is-layout-flex\">\n<div class=\"wp-block-column is-layout-flow wp-block-column-is-layout-flow\">\n<div class=\"wp-block-columns are-vertically-aligned-top is-layout-flex wp-container-core-columns-is-layout-9d6595d7 wp-block-columns-is-layout-flex\">\n<div class=\"wp-block-column is-vertically-aligned-top is-layout-flow wp-block-column-is-layout-flow\"><\/div>\n\n\n\n<div class=\"wp-block-column is-vertically-aligned-top is-layout-flow wp-block-column-is-layout-flow\" style=\"flex-basis:70%\">\n<figure class=\"wp-block-image size-large is-resized\"><img loading=\"lazy\" decoding=\"async\" src=\"https:\/\/neuegartenstadtoejendorf.de\/wp-content\/uploads\/2022\/11\/Kinder-Ball-2-1024x778.png\" alt=\"Illustrierte Kinder spielen mit einem Ball\" class=\"wp-image-1019\" width=\"335\" height=\"233\" title=\"Illustrierte Kinder spielen mit einem Ball\"\/><\/figure>\n<\/div>\n<\/div>\n<\/div>\n\n\n\n<div class=\"wp-block-column is-layout-flow wp-block-column-is-layout-flow\">\n<div class=\"wp-block-columns is-layout-flex wp-container-core-columns-is-layout-9d6595d7 wp-block-columns-is-layout-flex\">\n<div class=\"wp-block-column is-layout-flow wp-block-column-is-layout-flow\" style=\"flex-basis:100%\"><\/div>\n\n\n\n<div class=\"wp-block-column is-layout-flow wp-block-column-is-layout-flow\"><\/div>\n<\/div>\n<\/div>\n<\/div>\n<\/div><\/div>\n\n\n\n<div class=\"wp-block-cover alignfull is-light\" style=\"min-height:879px;aspect-ratio:unset;\"><span aria-hidden=\"true\" class=\"wp-block-cover__background has-background-dim-20 has-background-dim\" style=\"background-color:#80bd9c\"><\/span><div class=\"wp-block-cover__inner-container is-layout-flow wp-block-cover-is-layout-flow\">\n<div class=\"wp-block-columns are-vertically-aligned-top is-layout-flex wp-container-core-columns-is-layout-9d6595d7 wp-block-columns-is-layout-flex\">\n<div class=\"wp-block-column is-vertically-aligned-top is-layout-flow wp-block-column-is-layout-flow\" style=\"flex-basis:50%\">\n<div class=\"wp-block-columns is-layout-flex wp-container-core-columns-is-layout-9d6595d7 wp-block-columns-is-layout-flex\">\n<div class=\"wp-block-column is-layout-flow wp-block-column-is-layout-flow\"><\/div>\n\n\n\n<div class=\"wp-block-column is-layout-flow wp-block-column-is-layout-flow\" style=\"flex-basis:70%\"><div class=\"wp-block-image\">\n<figure class=\"alignleft size-large mb-0 mt-0\"><a href=\"https:\/\/neuegartenstadtoejendorf.de\/?attachment_id=1685\"><img loading=\"lazy\" decoding=\"async\" width=\"1024\" height=\"724\" src=\"https:\/\/neuegartenstadtoejendorf.de\/wp-content\/uploads\/2022\/11\/221110_Website_Oejendorf_LayoutA3_LEitbild-Landschaftssaele-1024x724.png\" alt=\"Leitbild der Neuen Gartenstadt \u00d6jendorf. Es wird abgebildet, wo Neupflanzungen von Streuobstwiesen geplant sind, wo bestehende Knicks erhalten bleiben und mit Neupflanzungen erg\u00e4nzt werden. \" class=\"wp-image-1685\" title=\"Leitbild der Neuen Gartenstadt \u00d6jendorf. Es wird abgebildet, wo Neupflanzungen von Streuobstwiesen geplant sind, wo bestehende Knicks erhalten bleiben und mit Neupflanzungen erg\u00e4nzt werden. \" srcset=\"https:\/\/neuegartenstadtoejendorf.de\/wp-content\/uploads\/2022\/11\/221110_Website_Oejendorf_LayoutA3_LEitbild-Landschaftssaele-1024x724.png 1024w, https:\/\/neuegartenstadtoejendorf.de\/wp-content\/uploads\/2022\/11\/221110_Website_Oejendorf_LayoutA3_LEitbild-Landschaftssaele-300x212.png 300w, https:\/\/neuegartenstadtoejendorf.de\/wp-content\/uploads\/2022\/11\/221110_Website_Oejendorf_LayoutA3_LEitbild-Landschaftssaele-768x543.png 768w, https:\/\/neuegartenstadtoejendorf.de\/wp-content\/uploads\/2022\/11\/221110_Website_Oejendorf_LayoutA3_LEitbild-Landschaftssaele-1536x1086.png 1536w, https:\/\/neuegartenstadtoejendorf.de\/wp-content\/uploads\/2022\/11\/221110_Website_Oejendorf_LayoutA3_LEitbild-Landschaftssaele-2048x1448.png 2048w\" sizes=\"auto, (max-width: 1024px) 100vw, 1024px\" \/><\/a><figcaption>Bild \u00a9 BeL Soziet\u00e4t f\u00fcr Architektur , URBAN CATALYST GmbH, PolinnaHauck &#8211; landscape|urbanism, ARGUS Stadt und Verkehr, BWS GmbH<\/figcaption><\/figure><\/div>\n\n\n<p><\/p>\n<\/div>\n<\/div>\n<\/div>\n\n\n\n<div class=\"wp-block-column is-vertically-aligned-top is-layout-flow wp-block-column-is-layout-flow\" style=\"flex-basis:50%\">\n<div class=\"wp-block-columns is-layout-flex wp-container-core-columns-is-layout-9d6595d7 wp-block-columns-is-layout-flex\">\n<div class=\"wp-block-column is-layout-flow wp-block-column-is-layout-flow\" style=\"flex-basis:70%\">\n<p>Die Neue Gartenstadt \u00d6jendorf legt gro\u00dfen Wert auf einen behutsamen Umgang mit den bestehenden und zum Teil gesetzlich gesch\u00fctzten Biotopen und Gr\u00fcnr\u00e4umen. Biodiversit\u00e4t und Naturerlebnis sind f\u00fcr die Neue Gartenstadt des 21. Jahrhunderts ein wichtiges Merkmal. Vorhandene Gr\u00fcnr\u00e4ume und naturnahe Lebensr\u00e4ume sollen nicht nur erhalten, sondern durch neue und gr\u00fcne Lebensr\u00e4ume erg\u00e4nzt werden.<\/p>\n<\/div>\n\n\n\n<div class=\"wp-block-column is-layout-flow wp-block-column-is-layout-flow\"><\/div>\n<\/div>\n<\/div>\n<\/div>\n\n\n\n<div class=\"wp-block-columns are-vertically-aligned-top is-layout-flex wp-container-core-columns-is-layout-9d6595d7 wp-block-columns-is-layout-flex\">\n<div class=\"wp-block-column is-vertically-aligned-top is-layout-flow wp-block-column-is-layout-flow\" style=\"flex-basis:50%\">\n<div class=\"wp-block-columns is-layout-flex wp-container-core-columns-is-layout-9d6595d7 wp-block-columns-is-layout-flex\">\n<div class=\"wp-block-column is-layout-flow wp-block-column-is-layout-flow\"><\/div>\n\n\n\n<div class=\"wp-block-column is-layout-flow wp-block-column-is-layout-flow\" style=\"flex-basis:70%\">\n<figure class=\"wp-block-image size-large\"><a href=\"https:\/\/neuegartenstadtoejendorf.de\/?attachment_id=1686\"><img loading=\"lazy\" decoding=\"async\" width=\"1024\" height=\"724\" src=\"https:\/\/neuegartenstadtoejendorf.de\/wp-content\/uploads\/2022\/11\/221110_Web_Freiraum_Biodiversitaet-1024x724.png\" alt=\"Ein Plan der Neuen Gartenstadt \u00d6jendorf, in dem  Biodiversit\u00e4t und Naturerlebnis des Gebietes erl\u00e4utert werden. Es ist zu sehen, wo Geh\u00f6lze stehen und wo sich welche Gr\u00fcnfl\u00e4chen befinden.\" class=\"wp-image-1686\" title=\"Ein Plan der Neuen Gartenstadt \u00d6jendorf. In dem  Biodiversit\u00e4t und Naturerlebnise des Gebietes erl\u00e4utert werden, es ist zu sehen wo Geh\u00f6lze stehen wo welche Gr\u00fcnfl\u00e4chen befinden.\" srcset=\"https:\/\/neuegartenstadtoejendorf.de\/wp-content\/uploads\/2022\/11\/221110_Web_Freiraum_Biodiversitaet-1024x724.png 1024w, https:\/\/neuegartenstadtoejendorf.de\/wp-content\/uploads\/2022\/11\/221110_Web_Freiraum_Biodiversitaet-300x212.png 300w, https:\/\/neuegartenstadtoejendorf.de\/wp-content\/uploads\/2022\/11\/221110_Web_Freiraum_Biodiversitaet-768x543.png 768w, https:\/\/neuegartenstadtoejendorf.de\/wp-content\/uploads\/2022\/11\/221110_Web_Freiraum_Biodiversitaet-1536x1086.png 1536w, https:\/\/neuegartenstadtoejendorf.de\/wp-content\/uploads\/2022\/11\/221110_Web_Freiraum_Biodiversitaet-2048x1448.png 2048w\" sizes=\"auto, (max-width: 1024px) 100vw, 1024px\" \/><\/a><figcaption>Bild \u00a9 BeL Soziet\u00e4t f\u00fcr Architektur , URBAN CATALYST GmbH, PolinnaHauck &#8211; landscape|urbanism, ARGUS Stadt und Verkehr, BWS GmbH<\/figcaption><\/figure>\n<\/div>\n<\/div>\n<\/div>\n\n\n\n<div class=\"wp-block-column is-vertically-aligned-top is-layout-flow wp-block-column-is-layout-flow\" style=\"flex-basis:50%\">\n<div class=\"wp-block-columns is-layout-flex wp-container-core-columns-is-layout-9d6595d7 wp-block-columns-is-layout-flex\">\n<div class=\"wp-block-column is-layout-flow wp-block-column-is-layout-flow\" style=\"flex-basis:70%\">\n<p>Die bestehenden Knicks, Alleen, Bruch- und Auw\u00e4lder, Ufergeh\u00f6lze und S\u00e4ume werden weitestgehend erhalten und durch die Anpflanzung von standortgerechten, heimischen Arten gest\u00e4rkt. N\u00f6rdlich der Landschaftsachse Horner Geest sowie entlang des Reinskamp werden neue Knickstrukturen durch Baum- und Strauchneupflanzungen entwickelt oder erg\u00e4nzt. Eine Besonderheit stellen die geplanten &#8222;essbaren Knicks&#8220; z.B. mit essbaren Nuss- und Obstgeh\u00f6lzen dar. &nbsp;<\/p>\n<\/div>\n\n\n\n<div class=\"wp-block-column is-layout-flow wp-block-column-is-layout-flow\"><\/div>\n<\/div>\n<\/div>\n<\/div>\n\n\n\n<div class=\"wp-block-columns are-vertically-aligned-top is-layout-flex wp-container-core-columns-is-layout-9d6595d7 wp-block-columns-is-layout-flex\">\n<div class=\"wp-block-column is-vertically-aligned-top is-layout-flow wp-block-column-is-layout-flow\" style=\"flex-basis:50%\">\n<div class=\"wp-block-columns is-layout-flex wp-container-core-columns-is-layout-9d6595d7 wp-block-columns-is-layout-flex\">\n<div class=\"wp-block-column is-layout-flow wp-block-column-is-layout-flow\"><\/div>\n\n\n\n<div class=\"wp-block-column is-layout-flow wp-block-column-is-layout-flow\" style=\"flex-basis:70%\">\n<figure class=\"wp-block-image size-large\"><a href=\"https:\/\/neuegartenstadtoejendorf.de\/?attachment_id=1395\"><img loading=\"lazy\" decoding=\"async\" width=\"1024\" height=\"724\" src=\"https:\/\/neuegartenstadtoejendorf.de\/wp-content\/uploads\/2022\/11\/221110_Web_Freiraum_Klimaanpassung-1024x724.png\" alt=\"Ein Plan der Neuen Gartenstadt \u00d6jendorf. In dem Klimaanpassungen und Wassermanagement erkl\u00e4rt wird, wo Natur nahe Mulden geplant sind und Retenstionsbeete.\" class=\"wp-image-1395\" title=\"Ein Plan der Neuen Gartenstadt \u00d6jendorf. In dem Klimaanpassungen und Wassermanagement erkl\u00e4rt wird, wo Natur nahe Mulden geplant sind und Retenstionsbeete.\" srcset=\"https:\/\/neuegartenstadtoejendorf.de\/wp-content\/uploads\/2022\/11\/221110_Web_Freiraum_Klimaanpassung-1024x724.png 1024w, https:\/\/neuegartenstadtoejendorf.de\/wp-content\/uploads\/2022\/11\/221110_Web_Freiraum_Klimaanpassung-300x212.png 300w, https:\/\/neuegartenstadtoejendorf.de\/wp-content\/uploads\/2022\/11\/221110_Web_Freiraum_Klimaanpassung-768x543.png 768w, https:\/\/neuegartenstadtoejendorf.de\/wp-content\/uploads\/2022\/11\/221110_Web_Freiraum_Klimaanpassung-1536x1086.png 1536w, https:\/\/neuegartenstadtoejendorf.de\/wp-content\/uploads\/2022\/11\/221110_Web_Freiraum_Klimaanpassung-2048x1448.png 2048w\" sizes=\"auto, (max-width: 1024px) 100vw, 1024px\" \/><\/a><figcaption>Bild \u00a9 BeL Soziet\u00e4t f\u00fcr Architektur , URBAN CATALYST GmbH, PolinnaHauck &#8211; landscape|urbanism, ARGUS Stadt und Verkehr, BWS GmbH<\/figcaption><\/figure>\n<\/div>\n<\/div>\n<\/div>\n\n\n\n<div class=\"wp-block-column is-vertically-aligned-top is-layout-flow wp-block-column-is-layout-flow\" style=\"flex-basis:50%\">\n<div class=\"wp-block-columns is-layout-flex wp-container-core-columns-is-layout-9d6595d7 wp-block-columns-is-layout-flex\">\n<div class=\"wp-block-column is-layout-flow wp-block-column-is-layout-flow\" style=\"flex-basis:70%\">\n<p>Neben den S\u00e4umen, Wiesen und Knicks befinden sich in der Neuen Gartenstadt \u00d6jendorf Auenentwicklungsbereiche und W\u00e4lder. Die Auenentwicklungsbereiche entlang der beiden Flie\u00dfgew\u00e4sser Jenfelder Bach und Schleemer Bach werden in einem Abstand von bis zu 80 &#8211; 100 m im Bereich des Jenfelder Bachs bzw. bis zu 60 &#8211; 70 m im Bereich des Schleemer Bachs weiter ausgedehnt. Die entlang der B\u00e4che vorhandenen Auw\u00e4lder sollen erhalten und entwickelt werden.<\/p>\n<\/div>\n\n\n\n<div class=\"wp-block-column is-layout-flow wp-block-column-is-layout-flow\"><\/div>\n<\/div>\n<\/div>\n<\/div>\n\n\n\n<div class=\"wp-block-columns are-vertically-aligned-top is-layout-flex wp-container-core-columns-is-layout-9d6595d7 wp-block-columns-is-layout-flex\">\n<div class=\"wp-block-column is-vertically-aligned-top is-layout-flow wp-block-column-is-layout-flow\" style=\"flex-basis:50%\">\n<div class=\"wp-block-columns is-layout-flex wp-container-core-columns-is-layout-9d6595d7 wp-block-columns-is-layout-flex\">\n<div class=\"wp-block-column is-layout-flow wp-block-column-is-layout-flow\"><\/div>\n\n\n\n<div class=\"wp-block-column is-layout-flow wp-block-column-is-layout-flow\" style=\"flex-basis:70%\">\n<figure class=\"wp-block-image size-large\"><a href=\"https:\/\/neuegartenstadtoejendorf.de\/?attachment_id=1396\"><img loading=\"lazy\" decoding=\"async\" width=\"1024\" height=\"724\" src=\"https:\/\/neuegartenstadtoejendorf.de\/wp-content\/uploads\/2022\/11\/221110_Web_Freiraum_Wohnungsnahe-1024x724.png\" alt=\"Ein Plan der Neuen Gartenstadt \u00d6jendorf. In dem Wohnungsnahe Freir\u00e4ume dargestellt werden, wo sich Spielpl\u00e4tze, Privatg\u00e4rten, Mikrog\u00e4rten und Retentionsfl\u00e4chen befinden.\" class=\"wp-image-1396\" title=\"Ein Plan der Neuen Gartenstadt \u00d6jendorf. In dem Wohnungsnahe Freir\u00e4ume dargestellt werden, wo sich Spielpl\u00e4tze, Privatg\u00e4rten, Mikrog\u00e4rten und Retentionsfl\u00e4chen befinden.\" srcset=\"https:\/\/neuegartenstadtoejendorf.de\/wp-content\/uploads\/2022\/11\/221110_Web_Freiraum_Wohnungsnahe-1024x724.png 1024w, https:\/\/neuegartenstadtoejendorf.de\/wp-content\/uploads\/2022\/11\/221110_Web_Freiraum_Wohnungsnahe-300x212.png 300w, https:\/\/neuegartenstadtoejendorf.de\/wp-content\/uploads\/2022\/11\/221110_Web_Freiraum_Wohnungsnahe-768x543.png 768w, https:\/\/neuegartenstadtoejendorf.de\/wp-content\/uploads\/2022\/11\/221110_Web_Freiraum_Wohnungsnahe-1536x1086.png 1536w, https:\/\/neuegartenstadtoejendorf.de\/wp-content\/uploads\/2022\/11\/221110_Web_Freiraum_Wohnungsnahe-2048x1448.png 2048w\" sizes=\"auto, (max-width: 1024px) 100vw, 1024px\" \/><\/a><figcaption>Bild \u00a9 BeL Soziet\u00e4t f\u00fcr Architektur , URBAN CATALYST GmbH, PolinnaHauck &#8211; landscape|urbanism, ARGUS Stadt und Verkehr, BWS GmbH<\/figcaption><\/figure>\n<\/div>\n<\/div>\n<\/div>\n\n\n\n<div class=\"wp-block-column is-vertically-aligned-top is-layout-flow wp-block-column-is-layout-flow\" style=\"flex-basis:50%\">\n<div class=\"wp-block-columns is-layout-flex wp-container-core-columns-is-layout-9d6595d7 wp-block-columns-is-layout-flex\">\n<div class=\"wp-block-column is-layout-flow wp-block-column-is-layout-flow\" style=\"flex-basis:70%\">\n<p>In der Neuen Gartenstadt \u00d6jendorf soll die Natur gesch\u00fctzt werden &#8211; und gleichzeitig brauchen die Bewohner:innen Freir\u00e4ume, in denen sie sich aufhalten und erholen k\u00f6nnen. Mikro- und Gemeinschaftsg\u00e4rten und weitere Gartenangebote in der Landschaftsachse schaffen eine Verbindung zwischen Naherholung, Nutzfl\u00e4chen f\u00fcr die Bewohner:innen und produktiver Landwirtschaft. Sie folgen der Idee einer modernen Gartenstadt, indem sie neuartige, kleinteilige g\u00e4rtnerische Angebote im direkten Wohnumfeld schaffen und dabei den Naturschutz ber\u00fccksichtigen.<\/p>\n<\/div>\n\n\n\n<div class=\"wp-block-column is-layout-flow wp-block-column-is-layout-flow\"><\/div>\n<\/div>\n<\/div>\n<\/div>\n\n\n\n<div class=\"wp-block-columns are-vertically-aligned-top is-layout-flex wp-container-core-columns-is-layout-9d6595d7 wp-block-columns-is-layout-flex\">\n<div class=\"wp-block-column is-vertically-aligned-top is-layout-flow wp-block-column-is-layout-flow\" style=\"flex-basis:50%\">\n<div class=\"wp-block-columns is-layout-flex wp-container-core-columns-is-layout-9d6595d7 wp-block-columns-is-layout-flex\">\n<div class=\"wp-block-column is-layout-flow wp-block-column-is-layout-flow\"><\/div>\n\n\n\n<div class=\"wp-block-column is-layout-flow wp-block-column-is-layout-flow\" style=\"flex-basis:70%\">\n<figure class=\"wp-block-image size-large\"><a href=\"https:\/\/neuegartenstadtoejendorf.de\/?attachment_id=1397\"><img loading=\"lazy\" decoding=\"async\" width=\"1024\" height=\"724\" src=\"https:\/\/neuegartenstadtoejendorf.de\/wp-content\/uploads\/2022\/11\/221110_Web_Freiraum_Landschaftsachse-1024x724.png\" alt=\"Eine perspektivische Zeichnung von einem Radweg der von Obstb\u00e4umen ges\u00e4umt ist. Links g\u00e4rtnern Menschen und rechts geht es ins Gr\u00fcne.\" class=\"wp-image-1397\" title=\"Eine perspektivische Zeichnung von einem Radweg der von Obstb\u00e4umen ges\u00e4umt ist. Links g\u00e4rtnern Menschen und rechts geht es ins Gr\u00fcne.\" srcset=\"https:\/\/neuegartenstadtoejendorf.de\/wp-content\/uploads\/2022\/11\/221110_Web_Freiraum_Landschaftsachse-1024x724.png 1024w, https:\/\/neuegartenstadtoejendorf.de\/wp-content\/uploads\/2022\/11\/221110_Web_Freiraum_Landschaftsachse-300x212.png 300w, https:\/\/neuegartenstadtoejendorf.de\/wp-content\/uploads\/2022\/11\/221110_Web_Freiraum_Landschaftsachse-768x543.png 768w, https:\/\/neuegartenstadtoejendorf.de\/wp-content\/uploads\/2022\/11\/221110_Web_Freiraum_Landschaftsachse-1536x1086.png 1536w, https:\/\/neuegartenstadtoejendorf.de\/wp-content\/uploads\/2022\/11\/221110_Web_Freiraum_Landschaftsachse-2048x1448.png 2048w\" sizes=\"auto, (max-width: 1024px) 100vw, 1024px\" \/><\/a><figcaption>Bild \u00a9 BeL Soziet\u00e4t f\u00fcr Architektur<\/figcaption><\/figure>\n<\/div>\n<\/div>\n<\/div>\n\n\n\n<div class=\"wp-block-column is-vertically-aligned-top is-layout-flow wp-block-column-is-layout-flow\" style=\"flex-basis:50%\">\n<div class=\"wp-block-columns is-layout-flex wp-container-core-columns-is-layout-9d6595d7 wp-block-columns-is-layout-flex\">\n<div class=\"wp-block-column is-layout-flow wp-block-column-is-layout-flow\" style=\"flex-basis:70%\">\n<p>F\u00fcr Kinder und Jugendliche sind zwei gr\u00f6\u00dfere \u00f6ffentliche Spielpl\u00e4tze und weitere private Spielpl\u00e4tze in den Wohnh\u00f6fen geplant. Pro Wohneinheit werden 10 qm Spielfl\u00e4che angesetzt. Insbesondere bei den Spielfl\u00e4chen aber auch bei weiteren gestalterischen Elementen wird auf die Verwendung von nat\u00fcrlichen Materialien geachtet.<\/p>\n<\/div>\n\n\n\n<div class=\"wp-block-column is-layout-flow wp-block-column-is-layout-flow\"><\/div>\n<\/div>\n<\/div>\n<\/div>\n\n\n\n<div class=\"wp-block-columns is-layout-flex wp-container-core-columns-is-layout-9d6595d7 wp-block-columns-is-layout-flex\">\n<div class=\"wp-block-column is-layout-flow wp-block-column-is-layout-flow\">\n<div class=\"wp-block-columns is-layout-flex wp-container-core-columns-is-layout-9d6595d7 wp-block-columns-is-layout-flex\">\n<div class=\"wp-block-column is-layout-flow wp-block-column-is-layout-flow\">\n<div class=\"wp-block-columns is-layout-flex wp-container-core-columns-is-layout-9d6595d7 wp-block-columns-is-layout-flex\">\n<div class=\"wp-block-column is-layout-flow wp-block-column-is-layout-flow\">\n<div class=\"wp-block-columns is-layout-flex wp-container-core-columns-is-layout-9d6595d7 wp-block-columns-is-layout-flex\">\n<div class=\"wp-block-column is-layout-flow wp-block-column-is-layout-flow\">\n<div class=\"wp-block-columns is-layout-flex wp-container-core-columns-is-layout-9d6595d7 wp-block-columns-is-layout-flex\">\n<div class=\"wp-block-column is-layout-flow wp-block-column-is-layout-flow\"><\/div>\n\n\n\n<div class=\"wp-block-column is-layout-flow wp-block-column-is-layout-flow\">\n<figure class=\"wp-block-image size-full\"><img loading=\"lazy\" decoding=\"async\" width=\"561\" height=\"551\" src=\"https:\/\/neuegartenstadtoejendorf.de\/wp-content\/uploads\/2022\/11\/Rotkehlchen-2-2.png\" alt=\"Rotkelchen \" class=\"wp-image-1187\" title=\"Rotkelchen \" srcset=\"https:\/\/neuegartenstadtoejendorf.de\/wp-content\/uploads\/2022\/11\/Rotkehlchen-2-2.png 561w, https:\/\/neuegartenstadtoejendorf.de\/wp-content\/uploads\/2022\/11\/Rotkehlchen-2-2-300x295.png 300w\" sizes=\"auto, (max-width: 561px) 100vw, 561px\" \/><figcaption> <\/figcaption><\/figure>\n<\/div>\n<\/div>\n<\/div>\n\n\n\n<div class=\"wp-block-column is-layout-flow wp-block-column-is-layout-flow\"><\/div>\n<\/div>\n<\/div>\n\n\n\n<div class=\"wp-block-column is-layout-flow wp-block-column-is-layout-flow\"><\/div>\n<\/div>\n<\/div>\n<\/div>\n<\/div>\n<\/div>\n<\/div><\/div>\n","protected":false},"excerpt":{"rendered":"","protected":false},"author":1,"featured_media":0,"parent":0,"menu_order":0,"comment_status":"closed","ping_status":"closed","template":"page-templates\/template-pagebuilder-full-width.php","meta":{"_coblocks_attr":"","_coblocks_dimensions":"","_coblocks_responsive_height":"","_coblocks_accordion_ie_support":"","neve_meta_sidebar":"","neve_meta_container":"full-width","neve_meta_enable_content_width":"","neve_meta_content_width":0,"neve_meta_title_alignment":"","neve_meta_author_avatar":"","neve_post_elements_order":"","neve_meta_disable_header":"","neve_meta_disable_footer":"","neve_meta_disable_title":"","neve_meta_reading_time":"","footnotes":""},"class_list":["post-1322","page","type-page","status-publish","hentry"],"_links":{"self":[{"href":"https:\/\/neuegartenstadtoejendorf.de\/index.php?rest_route=\/wp\/v2\/pages\/1322","targetHints":{"allow":["GET"]}}],"collection":[{"href":"https:\/\/neuegartenstadtoejendorf.de\/index.php?rest_route=\/wp\/v2\/pages"}],"about":[{"href":"https:\/\/neuegartenstadtoejendorf.de\/index.php?rest_route=\/wp\/v2\/types\/page"}],"author":[{"embeddable":true,"href":"https:\/\/neuegartenstadtoejendorf.de\/index.php?rest_route=\/wp\/v2\/users\/1"}],"replies":[{"embeddable":true,"href":"https:\/\/neuegartenstadtoejendorf.de\/index.php?rest_route=%2Fwp%2Fv2%2Fcomments&post=1322"}],"version-history":[{"count":25,"href":"https:\/\/neuegartenstadtoejendorf.de\/index.php?rest_route=\/wp\/v2\/pages\/1322\/revisions"}],"predecessor-version":[{"id":1799,"href":"https:\/\/neuegartenstadtoejendorf.de\/index.php?rest_route=\/wp\/v2\/pages\/1322\/revisions\/1799"}],"wp:attachment":[{"href":"https:\/\/neuegartenstadtoejendorf.de\/index.php?rest_route=%2Fwp%2Fv2%2Fmedia&parent=1322"}],"curies":[{"name":"wp","href":"https:\/\/api.w.org\/{rel}","templated":true}]}}