{"id":1257,"date":"2022-11-11T09:35:54","date_gmt":"2022-11-11T09:35:54","guid":{"rendered":"https:\/\/neuegartenstadtoejendorf.de\/?page_id=1257"},"modified":"2023-07-20T11:36:42","modified_gmt":"2023-07-20T11:36:42","slug":"startseite-neu","status":"publish","type":"page","link":"https:\/\/neuegartenstadtoejendorf.de\/","title":{"rendered":"Start"},"content":{"rendered":"\n<div class=\"wp-block-cover\" style=\"min-height:440px;aspect-ratio:unset;\"><span aria-hidden=\"true\" class=\"wp-block-cover__background has-neve-link-hover-color-background-color has-background-dim-30 has-background-dim\"><\/span><div class=\"wp-block-cover__inner-container is-layout-flow wp-block-cover-is-layout-flow\">\n<div class=\"wp-block-columns is-layout-flex wp-container-core-columns-is-layout-9d6595d7 wp-block-columns-is-layout-flex\">\n<div class=\"wp-block-column is-layout-flow wp-block-column-is-layout-flow\">\n<div class=\"wp-block-columns is-layout-flex wp-container-core-columns-is-layout-9d6595d7 wp-block-columns-is-layout-flex\">\n<div class=\"wp-block-column is-layout-flow wp-block-column-is-layout-flow\"><\/div>\n\n\n\n<div class=\"wp-block-column is-layout-flow wp-block-column-is-layout-flow\" style=\"flex-basis:70%\">\n<div style=\"height:38px\" aria-hidden=\"true\" class=\"wp-block-spacer\"><\/div>\n\n\n\n<h2 class=\"wp-block-heading has-black-color has-text-color has-helvetica-font-family has-custom-font\" id=\"information\" style=\"font-family:Helvetica\">SEIEN SIE DABEI!<\/h2>\n\n\n\n<h2 class=\"wp-block-heading has-text-color\" id=\"information\" style=\"color:#5c806b\"> Neue Gartenstadt \u00d6jendorf<\/h2>\n<\/div>\n<\/div>\n<\/div>\n\n\n\n<div class=\"wp-block-column is-layout-flow wp-block-column-is-layout-flow\">\n<div class=\"wp-block-columns is-layout-flex wp-container-core-columns-is-layout-9d6595d7 wp-block-columns-is-layout-flex\">\n<div class=\"wp-block-column is-layout-flow wp-block-column-is-layout-flow\" style=\"flex-basis:100%\"><div class=\"wp-block-image\">\n<figure class=\"aligncenter size-large is-resized\"><img loading=\"lazy\" decoding=\"async\" src=\"https:\/\/neuegartenstadtoejendorf.de\/wp-content\/uploads\/2022\/11\/bild-1-5-1024x724.png\" alt=\"Eine illustrierte Frau steht mit einer Schubkarre auf einem Platz, im Hintergrund sind zwei Geb\u00e4ude in der Landschaft dargestellt.\" class=\"wp-image-1013\" width=\"512\" height=\"361\" title=\"Eine illustrierte Frau steht mit einer Schubkarre auf einem Platz, im Hintergrund sind zwei Geb\u00e4ude in der Landschaft dargestellt.\" srcset=\"https:\/\/neuegartenstadtoejendorf.de\/wp-content\/uploads\/2022\/11\/bild-1-5-1024x724.png 1024w, https:\/\/neuegartenstadtoejendorf.de\/wp-content\/uploads\/2022\/11\/bild-1-5-300x212.png 300w, https:\/\/neuegartenstadtoejendorf.de\/wp-content\/uploads\/2022\/11\/bild-1-5-768x543.png 768w, https:\/\/neuegartenstadtoejendorf.de\/wp-content\/uploads\/2022\/11\/bild-1-5-1536x1086.png 1536w, https:\/\/neuegartenstadtoejendorf.de\/wp-content\/uploads\/2022\/11\/bild-1-5-2048x1448.png 2048w\" sizes=\"auto, (max-width: 512px) 100vw, 512px\" \/><\/figure><\/div><\/div>\n\n\n\n<div class=\"wp-block-column is-layout-flow wp-block-column-is-layout-flow\"><\/div>\n<\/div>\n<\/div>\n<\/div>\n<\/div><\/div>\n\n\n\n<div style=\"height:100px\" aria-hidden=\"true\" class=\"wp-block-spacer\"><\/div>\n\n\n\n<div class=\"wp-block-cover\" style=\"min-height:426px;aspect-ratio:unset;\"><span aria-hidden=\"true\" class=\"wp-block-cover__background has-nv-site-bg-background-color has-background-dim-0 has-background-dim\"><\/span><div class=\"wp-block-cover__inner-container is-layout-flow wp-block-cover-is-layout-flow\">\n<div class=\"wp-block-columns is-layout-flex wp-container-core-columns-is-layout-9d6595d7 wp-block-columns-is-layout-flex\">\n<div class=\"wp-block-column is-layout-flow wp-block-column-is-layout-flow\">\n<div class=\"wp-block-columns is-layout-flex wp-container-core-columns-is-layout-9d6595d7 wp-block-columns-is-layout-flex\">\n<div class=\"wp-block-column is-layout-flow wp-block-column-is-layout-flow\"><\/div>\n\n\n\n<div class=\"wp-block-column is-layout-flow wp-block-column-is-layout-flow\" style=\"flex-basis:70%\">\n<h2 class=\"wp-block-heading has-black-color has-text-color has-helvetica-font-family has-custom-font\" style=\"font-family:Helvetica\">TERMINE!<\/h2>\n<\/div>\n<\/div>\n<\/div>\n\n\n\n<div class=\"wp-block-column is-layout-flow wp-block-column-is-layout-flow\"><\/div>\n<\/div>\n\n\n\n<div class=\"wp-block-columns is-layout-flex wp-container-core-columns-is-layout-9d6595d7 wp-block-columns-is-layout-flex\">\n<div class=\"wp-block-column is-layout-flow wp-block-column-is-layout-flow\" style=\"flex-basis:12.5%\"><\/div>\n\n\n\n<div class=\"wp-block-column is-layout-flow wp-block-column-is-layout-flow\" style=\"flex-basis:75%\">\n<figure class=\"wp-block-image alignwide size-full\"><img loading=\"lazy\" decoding=\"async\" width=\"5225\" height=\"341\" src=\"https:\/\/neuegartenstadtoejendorf.de\/wp-content\/uploads\/2023\/06\/pfeil-2.png\" alt=\"\" class=\"wp-image-1847\" srcset=\"https:\/\/neuegartenstadtoejendorf.de\/wp-content\/uploads\/2023\/06\/pfeil-2.png 5225w, https:\/\/neuegartenstadtoejendorf.de\/wp-content\/uploads\/2023\/06\/pfeil-2-300x20.png 300w, https:\/\/neuegartenstadtoejendorf.de\/wp-content\/uploads\/2023\/06\/pfeil-2-1024x67.png 1024w, https:\/\/neuegartenstadtoejendorf.de\/wp-content\/uploads\/2023\/06\/pfeil-2-768x50.png 768w, https:\/\/neuegartenstadtoejendorf.de\/wp-content\/uploads\/2023\/06\/pfeil-2-1536x100.png 1536w, https:\/\/neuegartenstadtoejendorf.de\/wp-content\/uploads\/2023\/06\/pfeil-2-2048x134.png 2048w\" sizes=\"auto, (max-width: 5225px) 100vw, 5225px\" \/><\/figure>\n<\/div>\n\n\n\n<div class=\"wp-block-column is-layout-flow wp-block-column-is-layout-flow\" style=\"flex-basis:12.5%\"><\/div>\n<\/div>\n\n\n\n<div class=\"wp-block-columns is-layout-flex wp-container-core-columns-is-layout-9d6595d7 wp-block-columns-is-layout-flex\">\n<div class=\"wp-block-column is-layout-flow wp-block-column-is-layout-flow\" style=\"flex-basis:12.5%\"><\/div>\n\n\n\n<div class=\"wp-block-column is-layout-flow wp-block-column-is-layout-flow\" style=\"flex-basis:75%\">\n<div class=\"alignwide\"><div id=\"metaslider-id-1840\" style=\"width: 100%; margin: 0 auto;\" class=\"ml-slider-3-108-0 metaslider metaslider-flex metaslider-1840 ml-slider has-dots-nav has-carousel-mode ms-theme-default\" role=\"region\" aria-label=\"New Slideshow\" data-height=\"150\" data-width=\"300\">\n    <div id=\"metaslider_container_1840\">\n        <div id=\"metaslider_1840\">\n            <ul class='slides'>\n                <li style=\"display: none; width: 100%;\" class=\"slide-1843 ms-image \" aria-roledescription=\"slide\" data-date=\"2023-06-07 08:34:14\" data-filename=\"230131_GartenstadtOejendorf_Homepage-24-4-300x150.png\" data-slide-type=\"image\"><a href=\"https:\/\/neuegartenstadtoejendorf.de\/?page_id=1852\" target=\"_self\" aria-label=\"View Slide Details\" class=\"metaslider_image_link\"><img loading=\"lazy\" decoding=\"async\" src=\"https:\/\/neuegartenstadtoejendorf.de\/wp-content\/uploads\/2023\/06\/230131_GartenstadtOejendorf_Homepage-24-4-300x150.png\" height=\"150\" width=\"300\" alt=\"\" class=\"slider-1840 slide-1843 msDefaultImage\" \/><\/a><\/li>\n                <li style=\"display: none; width: 100%;\" class=\"slide-1842 ms-image \" aria-roledescription=\"slide\" data-date=\"2023-06-07 08:34:04\" data-filename=\"230131_GartenstadtOejendorf_Homepage-25-4-300x150.png\" data-slide-type=\"image\"><a href=\"https:\/\/neuegartenstadtoejendorf.de\/?page_id=1937\" target=\"_self\" aria-label=\"View Slide Details\" class=\"metaslider_image_link\"><img loading=\"lazy\" decoding=\"async\" src=\"https:\/\/neuegartenstadtoejendorf.de\/wp-content\/uploads\/2023\/06\/230131_GartenstadtOejendorf_Homepage-25-4-300x150.png\" height=\"150\" width=\"300\" alt=\"\" class=\"slider-1840 slide-1842 msDefaultImage\" \/><\/a><\/li>\n                <li style=\"display: none; width: 100%;\" class=\"slide-1841 ms-image \" aria-roledescription=\"slide\" data-date=\"2023-06-07 08:33:26\" data-filename=\"230131_GartenstadtOejendorf_Homepage-26-4-300x150.png\" data-slide-type=\"image\"><a href=\"https:\/\/neuegartenstadtoejendorf.de\/?page_id=1955\" target=\"_self\" aria-label=\"View Slide Details\" class=\"metaslider_image_link\"><img loading=\"lazy\" decoding=\"async\" src=\"https:\/\/neuegartenstadtoejendorf.de\/wp-content\/uploads\/2023\/06\/230131_GartenstadtOejendorf_Homepage-26-4-300x150.png\" height=\"150\" width=\"300\" alt=\"\" class=\"slider-1840 slide-1841 msDefaultImage\" \/><\/a><\/li>\n                <li style=\"display: none; width: 100%;\" class=\"slide-1846 ms-image \" aria-roledescription=\"slide\" data-date=\"2023-06-07 09:27:24\" data-filename=\"230131_GartenstadtOejendorf_Homepage-300x150.png\" data-slide-type=\"image\"><img loading=\"lazy\" decoding=\"async\" src=\"https:\/\/neuegartenstadtoejendorf.de\/wp-content\/uploads\/2023\/06\/230131_GartenstadtOejendorf_Homepage-300x150.png\" height=\"150\" width=\"300\" alt=\"\" class=\"slider-1840 slide-1846 msDefaultImage\" \/><\/li>\n            <\/ul>\n        <\/div>\n        \n    <\/div>\n<\/div><\/div>\n<\/div>\n\n\n\n<div class=\"wp-block-column is-layout-flow wp-block-column-is-layout-flow\" style=\"flex-basis:12.5%\"><\/div>\n<\/div>\n<\/div><\/div>\n\n\n\n<div class=\"wp-block-cover alignfull\" style=\"min-height:879px;aspect-ratio:unset;\"><span aria-hidden=\"true\" class=\"wp-block-cover__background has-nv-light-bg-background-color has-background-dim-0 has-background-dim\"><\/span><div class=\"wp-block-cover__inner-container is-layout-flow wp-block-cover-is-layout-flow\">\n<div class=\"wp-block-columns are-vertically-aligned-top is-layout-flex wp-container-core-columns-is-layout-9d6595d7 wp-block-columns-is-layout-flex\">\n<div class=\"wp-block-column is-vertically-aligned-top is-layout-flow wp-block-column-is-layout-flow\" style=\"flex-basis:50%\">\n<div class=\"wp-block-columns is-layout-flex wp-container-core-columns-is-layout-9d6595d7 wp-block-columns-is-layout-flex\">\n<div class=\"wp-block-column is-layout-flow wp-block-column-is-layout-flow\"><\/div>\n\n\n\n<div class=\"wp-block-column is-layout-flow wp-block-column-is-layout-flow\" style=\"flex-basis:70%\">\n<h2 class=\"wp-block-heading has-text-align-left has-black-color has-text-color has-helvetica-font-family has-custom-font\" id=\"zukunft-gemeinsam-gestalten\" style=\"font-family:Helvetica\">PLANUNG!                         <\/h2>\n\n\n\n<h2 class=\"wp-block-heading has-text-color\" id=\"information\" style=\"color:#5c806b\">Neue Gartenstadt \u00d6jendorf<\/h2>\n<\/div>\n<\/div>\n<\/div>\n\n\n\n<div class=\"wp-block-column is-vertically-aligned-top is-layout-flow wp-block-column-is-layout-flow\" style=\"flex-basis:50%\">\n<div class=\"wp-block-columns is-layout-flex wp-container-core-columns-is-layout-9d6595d7 wp-block-columns-is-layout-flex\">\n<div class=\"wp-block-column is-layout-flow wp-block-column-is-layout-flow\" style=\"flex-basis:70%\">\n<p><\/p>\n\n\n\n<p><\/p>\n\n\n\n<p class=\"has-black-color has-text-color\">Hamburg w\u00e4chst &#8211; und steht vor der Herausforderung, neuen Wohnraum anzubieten. Der Hamburger Osten ist in den Fokus der Stadtteil- und Wohnungsbauentwicklung ger\u00fcckt. N\u00f6rdlich der Glinder Stra\u00dfe haben der Bezirk Hamburg-Mitte und der Senat ein besonderes Entwicklungspotenzial unter Einbeziehung der Landschaftsachse \u201eHorner Geest\u201c erkannt. Hier entsteht die Neue Gartenstadt \u00d6jendorf! Auf den n\u00e4chsten Seiten erfahren Sie mehr \u00fcber die Leitideen und konkrete Planungsentw\u00fcrfe.<\/p>\n\n\n\n<p><\/p>\n\n\n\n<div class=\"wp-block-buttons is-layout-flex wp-block-buttons-is-layout-flex\">\n<div class=\"wp-block-button is-style-circular\"><a class=\"wp-block-button__link has-text-color has-background wp-element-button\" href=\"https:\/\/neuegartenstadtoejendorf.de\/?page_id=1264\" style=\"color:#1c2645;background-color:#3195d0\">MEHR&#8230;<\/a><\/div>\n<\/div>\n<\/div>\n\n\n\n<div class=\"wp-block-column is-layout-flow wp-block-column-is-layout-flow\"><\/div>\n<\/div>\n<\/div>\n<\/div>\n\n\n\n<div class=\"wp-block-columns is-layout-flex wp-container-core-columns-is-layout-9d6595d7 wp-block-columns-is-layout-flex\">\n<div class=\"wp-block-column is-layout-flow wp-block-column-is-layout-flow\" style=\"flex-basis:12.5%\"><\/div>\n\n\n\n<div class=\"wp-block-column is-layout-flow wp-block-column-is-layout-flow\"><\/div>\n\n\n\n<div class=\"wp-block-column is-layout-flow wp-block-column-is-layout-flow\" style=\"flex-basis:12.5%\"><\/div>\n<\/div>\n\n\n\n<div style=\"height:50px\" aria-hidden=\"true\" class=\"wp-block-spacer\"><\/div>\n\n\n\n<div class=\"wp-block-buttons is-content-justification-center is-layout-flex wp-container-core-buttons-is-layout-51f7783f wp-block-buttons-is-layout-flex\">\n<div class=\"wp-block-button has-custom-font-size is-style-circular has-medium-font-size\"><a class=\"wp-block-button__link has-background wp-element-button\" href=\"https:\/\/neuegartenstadtoejendorf.de\/?page_id=1267\" style=\"background-color:#87598c\">LEITIDEE<\/a><\/div>\n\n\n\n<div class=\"wp-block-button has-custom-font-size is-style-circular has-medium-font-size\"><a class=\"wp-block-button__link has-background wp-element-button\" href=\"https:\/\/neuegartenstadtoejendorf.de\/?page_id=1269\" style=\"background-color:#c2dbb3\">QUARTIER<\/a><\/div>\n\n\n\n<div class=\"wp-block-button has-custom-font-size is-style-circular has-medium-font-size\"><a class=\"wp-block-button__link has-background wp-element-button\" href=\"https:\/\/neuegartenstadtoejendorf.de\/?page_id=1271\" style=\"background-color:#edbf59\">WOHNEN <\/a><\/div>\n\n\n\n<div class=\"wp-block-button has-custom-font-size is-style-circular has-medium-font-size\"><a class=\"wp-block-button__link has-background wp-element-button\" href=\"https:\/\/neuegartenstadtoejendorf.de\/?page_id=1322\" style=\"background-color:#80bd9c\">FREIRAUM<\/a><\/div>\n\n\n\n<div class=\"wp-block-button has-custom-font-size is-style-circular has-medium-font-size\"><a class=\"wp-block-button__link has-background wp-element-button\" href=\"https:\/\/neuegartenstadtoejendorf.de\/?page_id=1273\" style=\"background-color:#f26e2b\">\u00d6JENHOF <\/a><\/div>\n\n\n\n<div class=\"wp-block-button has-custom-font-size is-style-circular has-medium-font-size\"><a class=\"wp-block-button__link has-background wp-element-button\" href=\"https:\/\/neuegartenstadtoejendorf.de\/?page_id=1309\" style=\"background-color:#b8dbf0\">MOBILIT\u00c4T<\/a><\/div>\n\n\n\n<div class=\"wp-block-button has-custom-font-size is-style-circular has-medium-font-size\"><a class=\"wp-block-button__link has-background wp-element-button\" href=\"https:\/\/neuegartenstadtoejendorf.de\/?page_id=1297\" style=\"background-color:#1c2645\">ZAHLEN &amp; FAKTEN<\/a><\/div>\n<\/div>\n<\/div><\/div>\n\n\n\n<div style=\"height:50px\" aria-hidden=\"true\" class=\"wp-block-spacer\"><\/div>\n\n\n\n<div class=\"wp-block-columns is-layout-flex wp-container-core-columns-is-layout-9d6595d7 wp-block-columns-is-layout-flex\">\n<div class=\"wp-block-column is-layout-flow wp-block-column-is-layout-flow\">\n<div class=\"wp-block-columns is-layout-flex wp-container-core-columns-is-layout-9d6595d7 wp-block-columns-is-layout-flex\">\n<div class=\"wp-block-column is-layout-flow wp-block-column-is-layout-flow\">\n<div class=\"wp-block-columns is-layout-flex wp-container-core-columns-is-layout-9d6595d7 wp-block-columns-is-layout-flex\">\n<div class=\"wp-block-column is-layout-flow wp-block-column-is-layout-flow\">\n<div class=\"wp-block-columns is-layout-flex wp-container-core-columns-is-layout-9d6595d7 wp-block-columns-is-layout-flex\">\n<div class=\"wp-block-column is-layout-flow wp-block-column-is-layout-flow\">\n<div class=\"wp-block-columns is-layout-flex wp-container-core-columns-is-layout-9d6595d7 wp-block-columns-is-layout-flex\">\n<div class=\"wp-block-column is-layout-flow wp-block-column-is-layout-flow\"><\/div>\n\n\n\n<div class=\"wp-block-column is-layout-flow wp-block-column-is-layout-flow\">\n<figure class=\"wp-block-image size-full\"><img loading=\"lazy\" decoding=\"async\" width=\"561\" height=\"551\" src=\"https:\/\/neuegartenstadtoejendorf.de\/wp-content\/uploads\/2022\/11\/Rotkehlchen-2-2.png\" alt=\"Rotkelchen \" class=\"wp-image-1187\" title=\"Rotkelchen \" srcset=\"https:\/\/neuegartenstadtoejendorf.de\/wp-content\/uploads\/2022\/11\/Rotkehlchen-2-2.png 561w, https:\/\/neuegartenstadtoejendorf.de\/wp-content\/uploads\/2022\/11\/Rotkehlchen-2-2-300x295.png 300w\" sizes=\"auto, (max-width: 561px) 100vw, 561px\" \/><figcaption class=\"wp-element-caption\"> <\/figcaption><\/figure>\n<\/div>\n<\/div>\n<\/div>\n\n\n\n<div class=\"wp-block-column is-layout-flow wp-block-column-is-layout-flow\"><\/div>\n<\/div>\n<\/div>\n\n\n\n<div class=\"wp-block-column is-layout-flow wp-block-column-is-layout-flow\"><\/div>\n<\/div>\n<\/div>\n<\/div>\n<\/div>\n<\/div>\n","protected":false},"excerpt":{"rendered":"","protected":false},"author":1,"featured_media":0,"parent":0,"menu_order":0,"comment_status":"closed","ping_status":"closed","template":"page-templates\/template-pagebuilder-full-width.php","meta":{"_coblocks_attr":"","_coblocks_dimensions":"","_coblocks_responsive_height":"","_coblocks_accordion_ie_support":"","neve_meta_sidebar":"","neve_meta_container":"full-width","neve_meta_enable_content_width":"","neve_meta_content_width":0,"neve_meta_title_alignment":"","neve_meta_author_avatar":"","neve_post_elements_order":"","neve_meta_disable_header":"","neve_meta_disable_footer":"","neve_meta_disable_title":"","neve_meta_reading_time":"","footnotes":""},"class_list":["post-1257","page","type-page","status-publish","hentry"],"_links":{"self":[{"href":"https:\/\/neuegartenstadtoejendorf.de\/index.php?rest_route=\/wp\/v2\/pages\/1257","targetHints":{"allow":["GET"]}}],"collection":[{"href":"https:\/\/neuegartenstadtoejendorf.de\/index.php?rest_route=\/wp\/v2\/pages"}],"about":[{"href":"https:\/\/neuegartenstadtoejendorf.de\/index.php?rest_route=\/wp\/v2\/types\/page"}],"author":[{"embeddable":true,"href":"https:\/\/neuegartenstadtoejendorf.de\/index.php?rest_route=\/wp\/v2\/users\/1"}],"replies":[{"embeddable":true,"href":"https:\/\/neuegartenstadtoejendorf.de\/index.php?rest_route=%2Fwp%2Fv2%2Fcomments&post=1257"}],"version-history":[{"count":45,"href":"https:\/\/neuegartenstadtoejendorf.de\/index.php?rest_route=\/wp\/v2\/pages\/1257\/revisions"}],"predecessor-version":[{"id":2016,"href":"https:\/\/neuegartenstadtoejendorf.de\/index.php?rest_route=\/wp\/v2\/pages\/1257\/revisions\/2016"}],"wp:attachment":[{"href":"https:\/\/neuegartenstadtoejendorf.de\/index.php?rest_route=%2Fwp%2Fv2%2Fmedia&parent=1257"}],"curies":[{"name":"wp","href":"https:\/\/api.w.org\/{rel}","templated":true}]}}